{"id":741,"date":"2025-07-13T18:59:31","date_gmt":"2025-07-13T16:59:31","guid":{"rendered":"https:\/\/www.sastreriabesoli.com\/quienes-somos"},"modified":"2025-10-14T13:44:57","modified_gmt":"2025-10-14T11:44:57","slug":"quienes-somos","status":"publish","type":"page","link":"https:\/\/www.sastreriabesoli.com\/es\/quienes-somos","title":{"rendered":"Qui\u00e9nes somos"},"content":{"rendered":"<p>[et_pb_section fb_built=\u00bb1&#8243; module_class=\u00bbseccio-margin-bottom\u00bb _builder_version=\u00bb4.27.4&#8243; _module_preset=\u00bbdefault\u00bb custom_padding=\u00bb||0px||false|false\u00bb global_colors_info=\u00bb{}\u00bb][et_pb_row column_structure=\u00bb3_4,1_4&#8243; custom_padding_last_edited=\u00bbon|phone\u00bb _builder_version=\u00bb4.27.4&#8243; _module_preset=\u00bbdefault\u00bb custom_padding_tablet=\u00bb\u00bb custom_padding_phone=\u00bb||0px||false|false\u00bb global_colors_info=\u00bb{}\u00bb][et_pb_column type=\u00bb3_4&#8243; _builder_version=\u00bb4.27.4&#8243; _module_preset=\u00bbdefault\u00bb global_colors_info=\u00bb{}\u00bb][et_pb_text _builder_version=\u00bb4.27.4&#8243; _module_preset=\u00bbdefault\u00bb header_2_text_color=\u00bb#ACA37A\u00bb global_colors_info=\u00bb{}\u00bb]<\/p>\n<h1>Tienda de ropa de hombre desde 1888<\/h1>\n<p>La Sastrer\u00eda Besol\u00ed, reconocida como una hist\u00f3rica tienda de ropa de hombre en Vilafranca del Pened\u00e8s, se fund\u00f3 en 1888 por Bonaventura Besol\u00ed Moles, el tatarabuelo de las actuales propietarias, que son la quinta generaci\u00f3n. Los inicios del negocio fueron itinerantes: Bonaventura recorr\u00eda los pueblos con un carro tirado por un burro, tomando medidas a domicilio y confeccionando vestidos y camisas a medida para los clientes.<\/p>\n<p>El actual edificio de la tienda data de 1935 y ha vivido dos grandes transformaciones: una en 1958, que renov\u00f3 su fachada, y otra en 1997, que moderniz\u00f3 el interior creando dos locales independientes y adapt\u00e1ndose a las nuevas tendencias, a pesar de reducir el antiguo taller de sastrer\u00eda a medida.<\/p>\n<p>Hoy, nuestra tienda de ropa de hombre cuenta con 90 m2 de exposici\u00f3n y 60 m2 de almac\u00e9n para ofrecer una amplia variedad de productos, estilos y marcas, manteniendo la esencia de la tradici\u00f3n y la elegancia que nos definen desde hace m\u00e1s de 135 a\u00f1os.<\/p>\n<p>[\/et_pb_text][\/et_pb_column][et_pb_column type=\u00bb1_4&#8243; _builder_version=\u00bb4.27.4&#8243; _module_preset=\u00bbdefault\u00bb global_colors_info=\u00bb{}\u00bb][\/et_pb_column][\/et_pb_row][\/et_pb_section][et_pb_section fb_built=\u00bb1&#8243; _builder_version=\u00bb4.27.4&#8243; _module_preset=\u00bbdefault\u00bb use_background_color_gradient=\u00bbon\u00bb background_color_gradient_stops=\u00bb#fefefe 30%|#f5f6ef 30%\u00bb custom_padding=\u00bb0px|0px|0px|0px|false|false\u00bb global_colors_info=\u00bb{}\u00bb][et_pb_row _builder_version=\u00bb4.27.4&#8243; _module_preset=\u00bbdefault\u00bb custom_padding=\u00bb0px|0px|0px|0px|false|false\u00bb global_colors_info=\u00bb{}\u00bb][et_pb_column type=\u00bb4_4&#8243; _builder_version=\u00bb4.27.4&#8243; _module_preset=\u00bbdefault\u00bb global_colors_info=\u00bb{}\u00bb][et_pb_image src=\u00bbhttps:\/\/www.sastreriabesoli.com\/wp-content\/uploads\/2025\/09\/membres-equip-botiga-besoli-1.jpg\u00bb alt=\u00bbMiembros del equipo de la tienda Besol\u00ed\u00bb title_text=\u00bbmiebros-equipo-tienda-besoli\u00bb _builder_version=\u00bb4.27.4&#8243; _module_preset=\u00bbdefault\u00bb hover_enabled=\u00bb0&#8243; global_colors_info=\u00bb{}\u00bb sticky_enabled=\u00bb0&#8243;][\/et_pb_image][\/et_pb_column][\/et_pb_row][\/et_pb_section][et_pb_section fb_built=\u00bb1&#8243; custom_padding_last_edited=\u00bbon|phone\u00bb module_id=\u00bbseccio-estilisme\u00bb _builder_version=\u00bb4.27.4&#8243; _module_preset=\u00bbdefault\u00bb background_color=\u00bb#f5f6f0&#8243; custom_padding_tablet=\u00bb\u00bb custom_padding_phone=\u00bb\u00bb locked=\u00bboff\u00bb global_colors_info=\u00bb{}\u00bb][et_pb_row column_structure=\u00bb3_4,1_4&#8243; custom_padding_last_edited=\u00bbon|phone\u00bb _builder_version=\u00bb4.27.4&#8243; _module_preset=\u00bbbaaaf05e-c728-4a1a-8908-db8190b2c73e\u00bb custom_padding_tablet=\u00bb\u00bb custom_padding_phone=\u00bb0px||0px||false|false\u00bb global_colors_info=\u00bb{}\u00bb][et_pb_column type=\u00bb3_4&#8243; _builder_version=\u00bb4.27.4&#8243; _module_preset=\u00bbdefault\u00bb global_colors_info=\u00bb{}\u00bb][et_pb_text _builder_version=\u00bb4.27.4&#8243; _module_preset=\u00bbdefault\u00bb global_colors_info=\u00bb{}\u00bb]<\/p>\n<h2>Nuestras trabajadoras: experiencia y recorrido<\/h2>\n<p>[\/et_pb_text][\/et_pb_column][et_pb_column type=\u00bb1_4&#8243; _builder_version=\u00bb4.27.4&#8243; _module_preset=\u00bbdefault\u00bb global_colors_info=\u00bb{}\u00bb][\/et_pb_column][\/et_pb_row][et_pb_row column_structure=\u00bb1_2,1_2&#8243; custom_padding_last_edited=\u00bbon|phone\u00bb _builder_version=\u00bb4.27.4&#8243; _module_preset=\u00bb_initial\u00bb custom_padding_tablet=\u00bb\u00bb custom_padding_phone=\u00bb0px||0px||false|false\u00bb global_colors_info=\u00bb{}\u00bb][et_pb_column type=\u00bb1_2&#8243; _builder_version=\u00bb4.27.4&#8243; _module_preset=\u00bbdefault\u00bb global_colors_info=\u00bb{}\u00bb][et_pb_cta button_text=\u00bbClick Here\u00bb _builder_version=\u00bb4.27.4&#8243; _module_preset=\u00bb4a5af273-bdba-4bb3-9d2b-5cfe7c7f987b\u00bb global_colors_info=\u00bb{}\u00bb]<\/p>\n<h3 class=\"h3-qui-som-verd\">Montse<\/h3>\n<p>La \u201cJefa\u201d, lleva toda la vida dedicada a la venta de ropa, con 50 a\u00f1os de experiencia sabe muy bien lo que necesita cada uno y c\u00f3mo hacer los arreglos necesarios para que las prendas queden impecables.[\/et_pb_cta][\/et_pb_column][et_pb_column type=\u00bb1_2&#8243; _builder_version=\u00bb4.27.4&#8243; _module_preset=\u00bbdefault\u00bb global_colors_info=\u00bb{}\u00bb][et_pb_cta button_text=\u00bbClick Here\u00bb _builder_version=\u00bb4.27.4&#8243; _module_preset=\u00bb4a5af273-bdba-4bb3-9d2b-5cfe7c7f987b\u00bb global_colors_info=\u00bb{}\u00bb]<\/p>\n<h3 class=\"h3-qui-som-verd\">Laura Besol\u00ed<\/h3>\n<p>La \u201cHija\u201d, es la encargada de hacer que todo funcione y gestionar el d\u00eda a d\u00eda de la tienda, resuelve todos los problemas que puedan surgir y asesora en todo lo que haga falta.[\/et_pb_cta][\/et_pb_column][\/et_pb_row][et_pb_row column_structure=\u00bb1_2,1_2&#8243; custom_padding_last_edited=\u00bbon|phone\u00bb _builder_version=\u00bb4.27.4&#8243; _module_preset=\u00bb_initial\u00bb custom_padding_tablet=\u00bb\u00bb custom_padding_phone=\u00bb||0px||false|false\u00bb global_colors_info=\u00bb{}\u00bb][et_pb_column type=\u00bb1_2&#8243; _builder_version=\u00bb4.27.4&#8243; _module_preset=\u00bbdefault\u00bb global_colors_info=\u00bb{}\u00bb][et_pb_cta button_text=\u00bbClick Here\u00bb _builder_version=\u00bb4.27.4&#8243; _module_preset=\u00bb4a5af273-bdba-4bb3-9d2b-5cfe7c7f987b\u00bb global_colors_info=\u00bb{}\u00bb]<\/p>\n<h3 class=\"h3-qui-som-verd\">Vinyet<\/h3>\n<p>La \u201cDependienta\u201d con 25 a\u00f1os de experiencia en nuestra tienda sabe asesorar como nadie, sabe perfectamente lo que ir\u00e1 bien a todo el mundo y \u00a1no se escapa una![\/et_pb_cta][\/et_pb_column][et_pb_column type=\u00bb1_2&#8243; _builder_version=\u00bb4.27.4&#8243; _module_preset=\u00bbdefault\u00bb global_colors_info=\u00bb{}\u00bb][et_pb_cta button_text=\u00bbClick Here\u00bb _builder_version=\u00bb4.27.4&#8243; _module_preset=\u00bb4a5af273-bdba-4bb3-9d2b-5cfe7c7f987b\u00bb global_colors_info=\u00bb{}\u00bb]<\/p>\n<h3 class=\"h3-qui-som-verd\">Laura Termens<\/h3>\n<p>La \u201cNovata\u201d lleva 3 a\u00f1os formando parte de nuestro equipo y se ha adaptado perfectamente, sabe c\u00f3mo asesorar y sacar una sonrisa a todo el mundo.[\/et_pb_cta][\/et_pb_column][\/et_pb_row][\/et_pb_section]<\/p>\n","protected":false},"excerpt":{"rendered":"<p>Tienda de ropa de hombre desde 1888 La Sastrer\u00eda Besol\u00ed, reconocida como una hist\u00f3rica tienda de ropa de hombre en Vilafranca del Pened\u00e8s, se fund\u00f3 en 1888 por Bonaventura Besol\u00ed Moles, el tatarabuelo de las actuales propietarias, que son la quinta generaci\u00f3n. Los inicios del negocio fueron itinerantes: Bonaventura recorr\u00eda los pueblos con un carro [&hellip;]<\/p>\n","protected":false},"author":1,"featured_media":0,"parent":0,"menu_order":0,"comment_status":"closed","ping_status":"closed","template":"","meta":{"_et_pb_use_builder":"on","_et_pb_old_content":"","_et_gb_content_width":"","footnotes":""},"class_list":["post-741","page","type-page","status-publish","hentry"],"_links":{"self":[{"href":"https:\/\/www.sastreriabesoli.com\/es\/wp-json\/wp\/v2\/pages\/741","targetHints":{"allow":["GET"]}}],"collection":[{"href":"https:\/\/www.sastreriabesoli.com\/es\/wp-json\/wp\/v2\/pages"}],"about":[{"href":"https:\/\/www.sastreriabesoli.com\/es\/wp-json\/wp\/v2\/types\/page"}],"author":[{"embeddable":true,"href":"https:\/\/www.sastreriabesoli.com\/es\/wp-json\/wp\/v2\/users\/1"}],"replies":[{"embeddable":true,"href":"https:\/\/www.sastreriabesoli.com\/es\/wp-json\/wp\/v2\/comments?post=741"}],"version-history":[{"count":17,"href":"https:\/\/www.sastreriabesoli.com\/es\/wp-json\/wp\/v2\/pages\/741\/revisions"}],"predecessor-version":[{"id":1098,"href":"https:\/\/www.sastreriabesoli.com\/es\/wp-json\/wp\/v2\/pages\/741\/revisions\/1098"}],"wp:attachment":[{"href":"https:\/\/www.sastreriabesoli.com\/es\/wp-json\/wp\/v2\/media?parent=741"}],"curies":[{"name":"wp","href":"https:\/\/api.w.org\/{rel}","templated":true}]}}